{"id":24603,"date":"2024-08-12T14:26:12","date_gmt":"2024-08-12T11:26:12","guid":{"rendered":"https:\/\/stejariicountryclub.ro\/?page_id=24603"},"modified":"2025-04-03T14:11:02","modified_gmt":"2025-04-03T11:11:02","slug":"electronic-vouchers-terms-and-conditions","status":"publish","type":"page","link":"https:\/\/stejariicountryclub.ro\/ro\/electronic-vouchers-terms-and-conditions\/","title":{"rendered":"Termeni si conditii Vouchere electronice"},"content":{"rendered":"<div class=\"container-custom\">\n<div class=\"intro\" style=\"margin-top: 50px; margin-bottom: 50px;\">\n<div class=\"intro-title\">\n<h3 style=\"text-align: left;\"><b>1. Identitatea societatii vanzatoare<\/b><\/h3>\n<\/div>\n<div class=\"intro-content\" style=\"text-align: left;\">\n<div class=\"content\">\n<p class=\"p1\"><b>Denumirea societatii vanzatoare: <\/b> <b>MEDUSA HOTEL INTERNATIONAL S.R.L.<\/b><\/p>\n<p class=\"p1\"><b>Cod unic de inregistrare: 6505878<\/b><\/p>\n<p class=\"p1\"><b>Cod de inregistrare fiscala: RO 6505878<\/b><\/p>\n<p class=\"p1\"><b>Numar de ordine in Registrul Comertului:<\/b> J1994021129406<\/p>\n<p class=\"p1\"><b>Adresa sediu social:<\/b> Bucuresti, sector 1, str. Jandarmeriei, nr. 14A<\/p>\n<p class=\"p1\"><b>Adresa postala: <\/b> Bucuresti, sector 1, str. Jandarmeriei, nr. 14A<\/p>\n<p class=\"p1\"><b>CALL CENTER:<\/b><\/p>\n<p class=\"p1\">Magazin online (status comenzi si retururi):\u00a0www.stejariicountryclub.ro<\/p>\n<p class=\"p1\"><b>COMANDA PRIN TELEFON<\/b> (plasare comenzi telefonice si consiliere alegere produse):\u00a00744 332 286<\/p>\n<p class=\"p1\">Program L-V: 10:00 \u2013 22:00; S-D 10:00- 21:00<\/p>\n<p class=\"p1\">Email: reception@stejariicountryclub.ro<\/p>\n<h3 class=\"p1\"><b>2.\u00a0Domeniul de aplicare<\/b><\/h3>\n<p class=\"p1\"><b>2.1<\/b>\u00a0Prezentul act, respectiv Termenii si conditiile privind Voucherele Electronice <span class=\"Apple-converted-space\">\u00a0 <\/span>(denumit in continuare \u201d<b>Termeni si Conditii Vouchere<\/b>\u201d), reglementeaza modalitatea de acordare, utilizare si anulare a Voucherelor Electronice (denumite in continuare \u201d<b>Vouchere Electronice<\/b>\u201d) in legatura cu achizitionarea serviciilor furnizate de Medusa Hotel International SRL in cadrul Shiseido Spa @ Stejarii Country Club (denumita in continuare \u201d Medusa Hotel International\u201d) Clientilor pe pagina de internet: https:\/\/stejariicountryclub.ro (denumite in continuare impreuna \u201d<b>Pagina de internet<span class=\"Apple-converted-space\">\u00a0 <\/span><\/b>\u201d).<\/p>\n<p class=\"p1\"><b>2.2<\/b>\u00a0Termenii si Conditiile Vouchere Electronice sunt aplicabile oricaror comenzi, achizitionari de servicii prezentate pe Pagina de internet <span class=\"Apple-converted-space\">\u00a0 <\/span>si vandute de catre<span class=\"Apple-converted-space\">\u00a0 <\/span>Medusa Hotel International Clientului, in versiunea valabila la data efectuarii comenzii. Odata cu efectuarea comenzii\/cererii de cumparare Clientul accepta neconditionat Termenii si Conditiile Medusa Hotel International<span class=\"Apple-converted-space\">\u00a0 <\/span>si Termenii si Conditiile Vouchere Electronice <span class=\"Apple-converted-space\">\u00a0 <\/span>publicate pe Pagina de internet, presupunandu-se ca acestea au fost luate la cunostinta de catre Client inainte de efectuare comenzii pe pagina de https:\/\/stejariicountryclub.ro\/ro\/gift-offer\/ sau telefonic.<\/p>\n<p class=\"p1\"><b>2.3<\/b>\u00a0 Medusa Hotel International isi rezerva dreptul de a modifica unilateral oricand Termenii si Conditiile Vouchere Electronice <span class=\"Apple-converted-space\">\u00a0 <\/span>fara o notificare prealabila. Acestea pot fi consultate in orice moment, in varianta actuala la https:\/\/stejariicountryclub.ro\/ro\/gift-offer.<\/p>\n<h3 class=\"p1\"><b>3.\u00a0Scopul<\/b><\/h3>\n<p class=\"p1\"><b>3.1<\/b>\u00a0Voucherele Electronice reprezinta achizitii de catre client (persoana fizica si persoana juridical) a serviciilor Shiseido Spa prezentate pe<span class=\"Apple-converted-space\">\u00a0 <\/span>https:\/\/stejariicountryclub.ro\/ro\/gift-offer, pentru a fi folosite personal sau pentru a fi oferite unor alte persoane la un termen ulterior.<\/p>\n<p class=\"p1\"><b>3.2<\/b>\u00a0<span class=\"Apple-converted-space\">\u00a0 <\/span>Medusa Hotel International poate, nefiind obligat<i>a<\/i>, emite Clientului Vouchere Electronice in mod liber, aleatoriu, arbitrar si discretionar.\u00a0<i>Pentru claritate, decizia acordarii sau anularii Voucherelor Electronice apartine exclusiv <\/i>Medusa Hotel International<i>, acesta fiind singur indreptatita sa stabileasca cu privire la modalitatea de acordare sau anulare a Voucherelor Electronice<\/i>.<\/p>\n<p class=\"p1\"><b>3.3<\/b>\u00a0In baza Voucherelor Electronice<span class=\"Apple-converted-space\">\u00a0 <\/span>Medusa Hotel International ofera Clientului un serviciu. Medusa Hotel International<span class=\"Apple-converted-space\">\u00a0 <\/span>poate oferi Clientului Vouchere Electronice de diverse valori, conform cu serviciul\/serviciile achizitionat\/e. Pentru claritate, Medusa Hotel International<span class=\"Apple-converted-space\">\u00a0 <\/span>este singur indreptatita sa determine valoarea Voucherelor Electronice oferite Clientului.<\/p>\n<h3 class=\"p1\"><b>4.\u00a0Conditii Generale<\/b><\/h3>\n<p class=\"p1\"><b>4.1<\/b>\u00a0Voucherele Electronice pot fi oferite Clientului care indeplineste urmatoarele conditii:<\/p>\n<p class=\"p1\">&#8211; are varsta de peste 18 ani;<\/p>\n<p class=\"p1\">&#8211; a achizitionat si a achitat cel putin un serviciu <span class=\"Apple-converted-space\">\u00a0 <\/span>de pe pagina de internet https:\/\/stejariicountryclub.ro\/<\/p>\n<p class=\"p1\">&#8211; respecta prevederile Termen si Conditi Vouchere Electronice;<\/p>\n<p class=\"p1\">&#8211; este de acord sa respecte regulile aplicabile in incinta Medusa Hotel International cu ocazia furnizarii serviciilor care fac obiectul Voucherelor.<\/p>\n<p class=\"p1\">Persoanele care nu indeplinesc conditiile mentionate in Termenii si Conditiile Vouchere nu pot beneficia de Voucherele Electronice.<\/p>\n<p class=\"p1\"><b>4.2<\/b>\u00a0Clientul beneficiaza de servicii in valoarea Voucherelor Electronice doar in momentul achizitionarii (plata pretului serviciului comandat) si prezentarii pentru a benefica de serviciul respectiv in conformitate cu Termenii si Conditiile publicate pe<span class=\"Apple-converted-space\">\u00a0 <\/span>https:\/\/stejariicountryclub.ro\/ro\/gift-offer precum si cu Termeni si Conditi Vouchere Electronice.<\/p>\n<p class=\"p1\"><b>4.3<\/b>\u00a0Voucherele Electronice sunt oferite sub forma unor documente electronice in care sunt mentionate serviciile cumparate, perioada de valabilitate, seria unica de identificare.<\/p>\n<p class=\"p1\"><b>4.4<\/b>\u00a0Valoarea unui Voucher Electronic nu este divizibila in vederea efectuarii mai multor servicii, altele decat cele achizitionate de catre Client.<\/p>\n<p class=\"p1\"><b>4.5<\/b>\u00a0Clientul nu are dreptul de a solicita preschimbarea contravalorii Voucherelor Electronice in bani sau in alte produse si servicii.<\/p>\n<p class=\"p1\"><b>4.6<\/b>\u00a0De asemenea, Clientul nu poate solicita vreo modificare cu privire la valoarea Voucherelor Electronice.<\/p>\n<p class=\"p1\"><b>4.7<\/b>\u00a0Voucherele Electronice sunt transmisibile.<\/p>\n<p class=\"p1\"><b>4.8<\/b>\u00a0Voucherele Electronice au un termen de valabilitate de 6 luni, calculat de la data emiterii acestora sau un termen de valabilitate stabilit in conformitate cu regulamentul campaniei promotionale in cadrul careia au fost emise. Pentru claritate, Clientul nu poate utiliza Voucherul Electronic in cazul in care termenul de valabilitate a expirat, iar Clientul nu va putea solicita din partea Medusa vreo masura reparatorie in acest sens.<\/p>\n<p class=\"p1\"><b>4.9<\/b>\u00a0In cazul pierderii\/furtului\/expirarii codului Voucherului Electronic Clientul nu poate solicita inlocuirea acestuia. In aceste cazuri raspunderea Medusa este exclusa.<\/p>\n<p class=\"p1\"><b>4.10<\/b>\u00a0La achizitionarea Voucherelor Electronice, se emite factura fiscala pentru serviciile achizitionate, valoarea facturii fiind egala cu valoarea totala a serviciilor achizitionate.<\/p>\n<p class=\"p1\"><b>4.11<\/b>\u00a0Daca Clientul anuleaza comanda, refuza\/nu se prezinta pentru a beneficia de serviciu in termenul de valabilitate al voucherului, Clientul nu va primi diferenta dintre valoarea totala a serviciilor achizitionate si valoarea voucherului folosit.<\/p>\n<h3 class=\"p1\"><b>5.\u00a0Anularea Voucherelor Electronice<\/b><\/h3>\n<p class=\"p1\"><b>5.1<\/b>\u00a0 Medusa Hotel International este singur indreptatita sa decida cu privire la neacordarea, retragerea sau anularea Voucherelor Electronice pentru, dar fara a se limita la, urmatoarele situatii:<\/p>\n<p class=\"p1\">&#8211;\u00a0\u00a0\u00a0\u00a0\u00a0\u00a0\u00a0 Clientul anuleaza comanda in maxim 48 de ore de la achizitia voucherelor. Clientul nu poate anula voucherul dupa expirarea termenului de 48 ore anterior mentionat;<\/p>\n<p class=\"p1\">&#8211;<span class=\"Apple-converted-space\">\u00a0 \u00a0 \u00a0 \u00a0 <\/span>Clientul refuza\/nu se prezinta pentru a beneficia de serviciu in termenul de valabilitate al voucherului;<\/p>\n<p class=\"p1\">&#8211;\u00a0\u00a0\u00a0\u00a0\u00a0\u00a0\u00a0 Clientul are o atitudine sau un comportament ce, potrivit legii, contravin normelor de pastrare a ordinii publice sau incalca bunele moravuri, ori afecteaza activitatea;<\/p>\n<p class=\"p1\">&#8211;\u00a0\u00a0\u00a0\u00a0\u00a0\u00a0\u00a0Clientul foloseste proceduri\/mecanisme\/metode abuzive sau frauduloase cu privire la utilizarea Voucherului Electronic;<\/p>\n<p class=\"p1\">&#8211;\u00a0\u00a0\u00a0\u00a0\u00a0\u00a0\u00a0 Clientul nu respecta Termenii si Conditiile <span class=\"Apple-converted-space\">\u00a0 <\/span>sau Termenii si Conditiile Vouchere Electronice<span class=\"Apple-converted-space\">\u00a0 <\/span>ori regulile aplicabile in incinta Medusa Hotel International cu ocazia furnizarii serviciilor care fac obiectul Voucherelor;<\/p>\n<p class=\"p1\">&#8211;\u00a0\u00a0\u00a0\u00a0\u00a0\u00a0\u00a0 Medusa Hotel International<span class=\"Apple-converted-space\">\u00a0 <\/span>intampina probleme tehnice, in special cu privire la platforma magazinului https:\/\/stejariicountryclub.ro\/ro\/gift-offer<span class=\"Apple-converted-space\">\u00a0 <\/span>sau alte probleme, aflate in afara controlului Medusa Hotel International <span class=\"Apple-converted-space\">\u00a0 <\/span>sau care in opinia<span class=\"Apple-converted-space\">\u00a0 <\/span>Medusa Hotel International, pot avea consecinte grave etc.<\/p>\n<p class=\"p1\">5.2<span class=\"Apple-converted-space\">\u00a0 <\/span>Medusa Hotel International este singur indreptatit sa suspende, modifice sau anuleze utilizarea Voucherelor Electronice din motive ce tin de abuz, frauda sau alte cauze care pot aduce daune grave pentru<span class=\"Apple-converted-space\">\u00a0 <\/span>Medusa Hotel International.<\/p>\n<h3 class=\"p1\"><b>6. Opinia dumneavoastr\u0103 este important\u0103 pentru noi.<\/b><\/h3>\n<p class=\"p1\">V\u0103 rug\u0103m s\u0103 ne transmite\u0163i sugestiile, sesiz\u0103rile sau reclama\u0163iile dvs. prin completarea formularului de contact de mai jos sau la adresa de e-mail <a href=\"mailto:reception@stejariicountryclub.ro\"><span class=\"s1\">reception@stejariicountryclub.ro<\/span><\/a>.<\/p>\n<p class=\"p1\">V\u0103 asigur\u0103m c\u0103 vom depune toate eforturile \u00een vederea solu\u0163ion\u0103rii corecte \u015fi rapide a situa\u0163ilor semnalate.<\/p>\n<h3 class=\"p1\"><b>7.\u00a0Diverse<\/b><\/h3>\n<p class=\"p1\"><b>7.1<\/b>\u00a0 Medusa Hotel International nu isi asuma raspunderea pentru vreo dauna, inclusiv daune directe, indirecte, incidente, subsecvente sau punitive, cu privire la utilizarea Voucherului Electronic de catre Client sau de vreo alta persoana.<\/p>\n<p class=\"p1\"><b>7.2<\/b>\u00a0 Medusa Hotel International nu isi asuma raspunderea pentru imposibilitatea utilizarii Voucherului Electronic din cauza de eroare, abuz, fraudare, forta majora sau alte cauze aflate in afara controlului<span class=\"Apple-converted-space\">\u00a0 <\/span>, de ex., dar fara a se limita la defectiuni tehnice etc.<\/p>\n<p class=\"p1\"><b>7.3<\/b>\u00a0Prezentele Termeni si Conditii Vouchere se completeaza cu Termenii si Conditiile de pe <a href=\"https:\/\/stejariicountryclub.ro\/ro\/gift-offer\">https:\/\/stejariicountryclub.ro\/ro\/gift-offer<\/a>.<\/p>\n<\/div>\n<\/div>\n<\/div>\n<\/div>\n","protected":false},"excerpt":{"rendered":"<p>1. Identitatea societatii vanzatoare Denumirea societatii vanzatoare: MEDUSA HOTEL INTERNATIONAL S.R.L. Cod unic de inregistrare: 6505878 Cod de inregistrare fiscala: RO 6505878 Numar de ordine in Registrul Comertului: J1994021129406 Adresa sediu social: Bucuresti, sector 1, str. Jandarmeriei, nr. 14A Adresa postala: Bucuresti, sector 1, str. Jandarmeriei, nr. 14A CALL CENTER: Magazin online (status comenzi si [&hellip;]<\/p>\n","protected":false},"author":29,"featured_media":0,"parent":0,"menu_order":89,"comment_status":"closed","ping_status":"closed","template":"","meta":{"footnotes":""},"class_list":["post-24603","page","type-page","status-publish","hentry"],"yoast_head":"<!-- This site is optimized with the Yoast SEO plugin v25.2 - https:\/\/yoast.com\/wordpress\/plugins\/seo\/ -->\n<title>Termeni si conditii Vouchere electronice - Stejarii Country Club<\/title>\n<meta name=\"robots\" content=\"index, follow, max-snippet:-1, max-image-preview:large, max-video-preview:-1\" \/>\n<link rel=\"canonical\" href=\"https:\/\/stejariicountryclub.ro\/electronic-vouchers-terms-and-conditions\/\" \/>\n<meta property=\"og:locale\" content=\"ro_RO\" \/>\n<meta property=\"og:type\" content=\"article\" \/>\n<meta property=\"og:title\" content=\"Termeni si conditii Vouchere electronice - Stejarii Country Club\" \/>\n<meta property=\"og:description\" content=\"1. Identitatea societatii vanzatoare Denumirea societatii vanzatoare: MEDUSA HOTEL INTERNATIONAL S.R.L. Cod unic de inregistrare: 6505878 Cod de inregistrare fiscala: RO 6505878 Numar de ordine in Registrul Comertului: J1994021129406 Adresa sediu social: Bucuresti, sector 1, str. Jandarmeriei, nr. 14A Adresa postala: Bucuresti, sector 1, str. Jandarmeriei, nr. 14A CALL CENTER: Magazin online (status comenzi si [&hellip;]\" \/>\n<meta property=\"og:url\" content=\"https:\/\/stejariicountryclub.ro\/electronic-vouchers-terms-and-conditions\/\" \/>\n<meta property=\"og:site_name\" content=\"Stejarii Country Club\" \/>\n<meta property=\"article:modified_time\" content=\"2025-04-03T11:11:02+00:00\" \/>\n<meta name=\"twitter:card\" content=\"summary_large_image\" \/>\n<meta name=\"twitter:label1\" content=\"Timp estimat pentru citire\" \/>\n\t<meta name=\"twitter:data1\" content=\"5 minute\" \/>\n<script type=\"application\/ld+json\" class=\"yoast-schema-graph\">{\"@context\":\"https:\/\/schema.org\",\"@graph\":[{\"@type\":\"WebPage\",\"@id\":\"https:\/\/stejariicountryclub.ro\/electronic-vouchers-terms-and-conditions\/\",\"url\":\"https:\/\/stejariicountryclub.ro\/electronic-vouchers-terms-and-conditions\/\",\"name\":\"Termeni si conditii Vouchere electronice - Stejarii Country Club\",\"isPartOf\":{\"@id\":\"https:\/\/stejariicountryclub.ro\/ro\/#website\"},\"datePublished\":\"2024-08-12T11:26:12+00:00\",\"dateModified\":\"2025-04-03T11:11:02+00:00\",\"breadcrumb\":{\"@id\":\"https:\/\/stejariicountryclub.ro\/electronic-vouchers-terms-and-conditions\/#breadcrumb\"},\"inLanguage\":\"ro-RO\",\"potentialAction\":[{\"@type\":\"ReadAction\",\"target\":[\"https:\/\/stejariicountryclub.ro\/electronic-vouchers-terms-and-conditions\/\"]}]},{\"@type\":\"BreadcrumbList\",\"@id\":\"https:\/\/stejariicountryclub.ro\/electronic-vouchers-terms-and-conditions\/#breadcrumb\",\"itemListElement\":[{\"@type\":\"ListItem\",\"position\":1,\"name\":\"Home\",\"item\":\"https:\/\/stejariicountryclub.ro\/\"},{\"@type\":\"ListItem\",\"position\":2,\"name\":\"Electronic vouchers terms and conditions\"}]},{\"@type\":\"WebSite\",\"@id\":\"https:\/\/stejariicountryclub.ro\/ro\/#website\",\"url\":\"https:\/\/stejariicountryclub.ro\/ro\/\",\"name\":\"Stejarii Country Club\",\"description\":\"\",\"potentialAction\":[{\"@type\":\"SearchAction\",\"target\":{\"@type\":\"EntryPoint\",\"urlTemplate\":\"https:\/\/stejariicountryclub.ro\/ro\/?s={search_term_string}\"},\"query-input\":{\"@type\":\"PropertyValueSpecification\",\"valueRequired\":true,\"valueName\":\"search_term_string\"}}],\"inLanguage\":\"ro-RO\"}]}<\/script>\n<!-- \/ Yoast SEO plugin. -->","yoast_head_json":{"title":"Termeni si conditii Vouchere electronice - Stejarii Country Club","robots":{"index":"index","follow":"follow","max-snippet":"max-snippet:-1","max-image-preview":"max-image-preview:large","max-video-preview":"max-video-preview:-1"},"canonical":"https:\/\/stejariicountryclub.ro\/electronic-vouchers-terms-and-conditions\/","og_locale":"ro_RO","og_type":"article","og_title":"Termeni si conditii Vouchere electronice - Stejarii Country Club","og_description":"1. Identitatea societatii vanzatoare Denumirea societatii vanzatoare: MEDUSA HOTEL INTERNATIONAL S.R.L. Cod unic de inregistrare: 6505878 Cod de inregistrare fiscala: RO 6505878 Numar de ordine in Registrul Comertului: J1994021129406 Adresa sediu social: Bucuresti, sector 1, str. Jandarmeriei, nr. 14A Adresa postala: Bucuresti, sector 1, str. Jandarmeriei, nr. 14A CALL CENTER: Magazin online (status comenzi si [&hellip;]","og_url":"https:\/\/stejariicountryclub.ro\/electronic-vouchers-terms-and-conditions\/","og_site_name":"Stejarii Country Club","article_modified_time":"2025-04-03T11:11:02+00:00","twitter_card":"summary_large_image","twitter_misc":{"Timp estimat pentru citire":"5 minute"},"schema":{"@context":"https:\/\/schema.org","@graph":[{"@type":"WebPage","@id":"https:\/\/stejariicountryclub.ro\/electronic-vouchers-terms-and-conditions\/","url":"https:\/\/stejariicountryclub.ro\/electronic-vouchers-terms-and-conditions\/","name":"Termeni si conditii Vouchere electronice - Stejarii Country Club","isPartOf":{"@id":"https:\/\/stejariicountryclub.ro\/ro\/#website"},"datePublished":"2024-08-12T11:26:12+00:00","dateModified":"2025-04-03T11:11:02+00:00","breadcrumb":{"@id":"https:\/\/stejariicountryclub.ro\/electronic-vouchers-terms-and-conditions\/#breadcrumb"},"inLanguage":"ro-RO","potentialAction":[{"@type":"ReadAction","target":["https:\/\/stejariicountryclub.ro\/electronic-vouchers-terms-and-conditions\/"]}]},{"@type":"BreadcrumbList","@id":"https:\/\/stejariicountryclub.ro\/electronic-vouchers-terms-and-conditions\/#breadcrumb","itemListElement":[{"@type":"ListItem","position":1,"name":"Home","item":"https:\/\/stejariicountryclub.ro\/"},{"@type":"ListItem","position":2,"name":"Electronic vouchers terms and conditions"}]},{"@type":"WebSite","@id":"https:\/\/stejariicountryclub.ro\/ro\/#website","url":"https:\/\/stejariicountryclub.ro\/ro\/","name":"Stejarii Country Club","description":"","potentialAction":[{"@type":"SearchAction","target":{"@type":"EntryPoint","urlTemplate":"https:\/\/stejariicountryclub.ro\/ro\/?s={search_term_string}"},"query-input":{"@type":"PropertyValueSpecification","valueRequired":true,"valueName":"search_term_string"}}],"inLanguage":"ro-RO"}]}},"_links":{"self":[{"href":"https:\/\/stejariicountryclub.ro\/ro\/wp-json\/wp\/v2\/pages\/24603","targetHints":{"allow":["GET"]}}],"collection":[{"href":"https:\/\/stejariicountryclub.ro\/ro\/wp-json\/wp\/v2\/pages"}],"about":[{"href":"https:\/\/stejariicountryclub.ro\/ro\/wp-json\/wp\/v2\/types\/page"}],"author":[{"embeddable":true,"href":"https:\/\/stejariicountryclub.ro\/ro\/wp-json\/wp\/v2\/users\/29"}],"replies":[{"embeddable":true,"href":"https:\/\/stejariicountryclub.ro\/ro\/wp-json\/wp\/v2\/comments?post=24603"}],"version-history":[{"count":5,"href":"https:\/\/stejariicountryclub.ro\/ro\/wp-json\/wp\/v2\/pages\/24603\/revisions"}],"predecessor-version":[{"id":25952,"href":"https:\/\/stejariicountryclub.ro\/ro\/wp-json\/wp\/v2\/pages\/24603\/revisions\/25952"}],"wp:attachment":[{"href":"https:\/\/stejariicountryclub.ro\/ro\/wp-json\/wp\/v2\/media?parent=24603"}],"curies":[{"name":"wp","href":"https:\/\/api.w.org\/{rel}","templated":true}]}}