{"id":25915,"date":"2025-05-14T17:01:41","date_gmt":"2025-05-14T14:01:41","guid":{"rendered":"https:\/\/stejariicountryclub.ro\/?page_id=25915"},"modified":"2026-05-13T13:54:21","modified_gmt":"2026-05-13T10:54:21","slug":"summer-camp-2026","status":"publish","type":"page","link":"https:\/\/stejariicountryclub.ro\/ro\/summer-camp-2026\/","title":{"rendered":"Summer Camp 2026"},"content":{"rendered":"","protected":false},"excerpt":{"rendered":"","protected":false},"author":29,"featured_media":26205,"parent":0,"menu_order":2,"comment_status":"closed","ping_status":"closed","template":"summer-camp-2026.php","meta":{"footnotes":""},"class_list":["post-25915","page","type-page","status-publish","has-post-thumbnail","hentry"],"yoast_head":"<!-- This site is optimized with the Yoast SEO plugin v25.2 - https:\/\/yoast.com\/wordpress\/plugins\/seo\/ -->\n<title>Summer Camp 2026 - Stejarii Country Club<\/title>\n<meta name=\"description\" content=\"Descoper\u0103 Summer Camp 2025 la Stejarii Country Club (23 iunie \u2013 29 august)! O experien\u021b\u0103 de neuitat pentru copii \u00eentre 5-12 ani, plin\u0103 de activit\u0103\u021bi distractive, aventur\u0103, sport \u0219i prieteni noi. Vezi programul detaliat \u0219i \u00eenscrie-te acum pentru o var\u0103 memorabil\u0103!\" \/>\n<meta name=\"robots\" content=\"index, follow, max-snippet:-1, max-image-preview:large, max-video-preview:-1\" \/>\n<link rel=\"canonical\" href=\"https:\/\/stejariicountryclub.ro\/summer-camp-2026\/\" \/>\n<meta property=\"og:locale\" content=\"ro_RO\" \/>\n<meta property=\"og:type\" content=\"article\" \/>\n<meta property=\"og:title\" content=\"Summer Camp 2026 - Stejarii Country Club\" \/>\n<meta property=\"og:description\" content=\"{:en}Discover Summer Camp 2025 at Stejarii Country Club (June 23 \u2013 August 29)! An unforgettable experience for children aged 5-12, packed with fun activities, adventure, sports, and new friends. See the detailed schedule and sign up now for a memorable summer!{:ro}Descoper\u0103 Summer Camp 2025 la Stejarii Country Club (23 iunie \u2013 29 august)! O experien\u021b\u0103 de neuitat pentru copii \u00eentre 5-12 ani, plin\u0103 de activit\u0103\u021bi distractive, aventur\u0103, sport \u0219i prieteni noi. Vezi programul detaliat \u0219i \u00eenscrie-te acum pentru o var\u0103 memorabil\u0103!{:}\" \/>\n<meta property=\"og:url\" content=\"https:\/\/stejariicountryclub.ro\/summer-camp-2026\/\" \/>\n<meta property=\"og:site_name\" content=\"Stejarii Country Club\" \/>\n<meta property=\"article:modified_time\" content=\"2026-05-13T10:54:21+00:00\" \/>\n<meta property=\"og:image\" content=\"https:\/\/stejariicountryclub.ro\/wp-content\/uploads\/2025\/05\/summer-og.png\" \/>\n\t<meta property=\"og:image:width\" content=\"1500\" \/>\n\t<meta property=\"og:image:height\" content=\"817\" \/>\n\t<meta property=\"og:image:type\" content=\"image\/png\" \/>\n<meta name=\"twitter:card\" content=\"summary_large_image\" \/>\n<meta name=\"twitter:label1\" content=\"Timp estimat pentru citire\" \/>\n\t<meta name=\"twitter:data1\" content=\"1 minut\" \/>\n<script type=\"application\/ld+json\" class=\"yoast-schema-graph\">{\"@context\":\"https:\/\/schema.org\",\"@graph\":[{\"@type\":\"WebPage\",\"@id\":\"https:\/\/stejariicountryclub.ro\/summer-camp-2026\/\",\"url\":\"https:\/\/stejariicountryclub.ro\/summer-camp-2026\/\",\"name\":\"Summer Camp 2026 - Stejarii Country Club\",\"isPartOf\":{\"@id\":\"https:\/\/stejariicountryclub.ro\/ro\/#website\"},\"primaryImageOfPage\":{\"@id\":\"https:\/\/stejariicountryclub.ro\/summer-camp-2026\/#primaryimage\"},\"image\":{\"@id\":\"https:\/\/stejariicountryclub.ro\/summer-camp-2026\/#primaryimage\"},\"thumbnailUrl\":\"https:\/\/stejariicountryclub.ro\/wp-content\/uploads\/2025\/05\/summer-og.png\",\"datePublished\":\"2025-05-14T14:01:41+00:00\",\"dateModified\":\"2026-05-13T10:54:21+00:00\",\"description\":\"{:en}Discover Summer Camp 2025 at Stejarii Country Club (June 23 \u2013 August 29)! An unforgettable experience for children aged 5-12, packed with fun activities, adventure, sports, and new friends. See the detailed schedule and sign up now for a memorable summer!{:ro}Descoper\u0103 Summer Camp 2025 la Stejarii Country Club (23 iunie \u2013 29 august)! O experien\u021b\u0103 de neuitat pentru copii \u00eentre 5-12 ani, plin\u0103 de activit\u0103\u021bi distractive, aventur\u0103, sport \u0219i prieteni noi. Vezi programul detaliat \u0219i \u00eenscrie-te acum pentru o var\u0103 memorabil\u0103!{:}\",\"breadcrumb\":{\"@id\":\"https:\/\/stejariicountryclub.ro\/summer-camp-2026\/#breadcrumb\"},\"inLanguage\":\"ro-RO\",\"potentialAction\":[{\"@type\":\"ReadAction\",\"target\":[\"https:\/\/stejariicountryclub.ro\/summer-camp-2026\/\"]}]},{\"@type\":\"ImageObject\",\"inLanguage\":\"ro-RO\",\"@id\":\"https:\/\/stejariicountryclub.ro\/summer-camp-2026\/#primaryimage\",\"url\":\"https:\/\/stejariicountryclub.ro\/wp-content\/uploads\/2025\/05\/summer-og.png\",\"contentUrl\":\"https:\/\/stejariicountryclub.ro\/wp-content\/uploads\/2025\/05\/summer-og.png\",\"width\":1500,\"height\":817},{\"@type\":\"BreadcrumbList\",\"@id\":\"https:\/\/stejariicountryclub.ro\/summer-camp-2026\/#breadcrumb\",\"itemListElement\":[{\"@type\":\"ListItem\",\"position\":1,\"name\":\"Home\",\"item\":\"https:\/\/stejariicountryclub.ro\/\"},{\"@type\":\"ListItem\",\"position\":2,\"name\":\"Summer Camp 2026\"}]},{\"@type\":\"WebSite\",\"@id\":\"https:\/\/stejariicountryclub.ro\/ro\/#website\",\"url\":\"https:\/\/stejariicountryclub.ro\/ro\/\",\"name\":\"Stejarii Country Club\",\"description\":\"\",\"potentialAction\":[{\"@type\":\"SearchAction\",\"target\":{\"@type\":\"EntryPoint\",\"urlTemplate\":\"https:\/\/stejariicountryclub.ro\/ro\/?s={search_term_string}\"},\"query-input\":{\"@type\":\"PropertyValueSpecification\",\"valueRequired\":true,\"valueName\":\"search_term_string\"}}],\"inLanguage\":\"ro-RO\"}]}<\/script>\n<!-- \/ Yoast SEO plugin. -->","yoast_head_json":{"title":"Summer Camp 2026 - Stejarii Country Club","description":"Descoper\u0103 Summer Camp 2025 la Stejarii Country Club (23 iunie \u2013 29 august)! O experien\u021b\u0103 de neuitat pentru copii \u00eentre 5-12 ani, plin\u0103 de activit\u0103\u021bi distractive, aventur\u0103, sport \u0219i prieteni noi. Vezi programul detaliat \u0219i \u00eenscrie-te acum pentru o var\u0103 memorabil\u0103!","robots":{"index":"index","follow":"follow","max-snippet":"max-snippet:-1","max-image-preview":"max-image-preview:large","max-video-preview":"max-video-preview:-1"},"canonical":"https:\/\/stejariicountryclub.ro\/summer-camp-2026\/","og_locale":"ro_RO","og_type":"article","og_title":"Summer Camp 2026 - Stejarii Country Club","og_description":"{:en}Discover Summer Camp 2025 at Stejarii Country Club (June 23 \u2013 August 29)! An unforgettable experience for children aged 5-12, packed with fun activities, adventure, sports, and new friends. See the detailed schedule and sign up now for a memorable summer!{:ro}Descoper\u0103 Summer Camp 2025 la Stejarii Country Club (23 iunie \u2013 29 august)! O experien\u021b\u0103 de neuitat pentru copii \u00eentre 5-12 ani, plin\u0103 de activit\u0103\u021bi distractive, aventur\u0103, sport \u0219i prieteni noi. Vezi programul detaliat \u0219i \u00eenscrie-te acum pentru o var\u0103 memorabil\u0103!{:}","og_url":"https:\/\/stejariicountryclub.ro\/summer-camp-2026\/","og_site_name":"Stejarii Country Club","article_modified_time":"2026-05-13T10:54:21+00:00","og_image":[{"width":1500,"height":817,"url":"https:\/\/stejariicountryclub.ro\/wp-content\/uploads\/2025\/05\/summer-og.png","type":"image\/png"}],"twitter_card":"summary_large_image","twitter_misc":{"Timp estimat pentru citire":"1 minut"},"schema":{"@context":"https:\/\/schema.org","@graph":[{"@type":"WebPage","@id":"https:\/\/stejariicountryclub.ro\/summer-camp-2026\/","url":"https:\/\/stejariicountryclub.ro\/summer-camp-2026\/","name":"Summer Camp 2026 - Stejarii Country Club","isPartOf":{"@id":"https:\/\/stejariicountryclub.ro\/ro\/#website"},"primaryImageOfPage":{"@id":"https:\/\/stejariicountryclub.ro\/summer-camp-2026\/#primaryimage"},"image":{"@id":"https:\/\/stejariicountryclub.ro\/summer-camp-2026\/#primaryimage"},"thumbnailUrl":"https:\/\/stejariicountryclub.ro\/wp-content\/uploads\/2025\/05\/summer-og.png","datePublished":"2025-05-14T14:01:41+00:00","dateModified":"2026-05-13T10:54:21+00:00","description":"{:en}Discover Summer Camp 2025 at Stejarii Country Club (June 23 \u2013 August 29)! An unforgettable experience for children aged 5-12, packed with fun activities, adventure, sports, and new friends. See the detailed schedule and sign up now for a memorable summer!{:ro}Descoper\u0103 Summer Camp 2025 la Stejarii Country Club (23 iunie \u2013 29 august)! O experien\u021b\u0103 de neuitat pentru copii \u00eentre 5-12 ani, plin\u0103 de activit\u0103\u021bi distractive, aventur\u0103, sport \u0219i prieteni noi. Vezi programul detaliat \u0219i \u00eenscrie-te acum pentru o var\u0103 memorabil\u0103!{:}","breadcrumb":{"@id":"https:\/\/stejariicountryclub.ro\/summer-camp-2026\/#breadcrumb"},"inLanguage":"ro-RO","potentialAction":[{"@type":"ReadAction","target":["https:\/\/stejariicountryclub.ro\/summer-camp-2026\/"]}]},{"@type":"ImageObject","inLanguage":"ro-RO","@id":"https:\/\/stejariicountryclub.ro\/summer-camp-2026\/#primaryimage","url":"https:\/\/stejariicountryclub.ro\/wp-content\/uploads\/2025\/05\/summer-og.png","contentUrl":"https:\/\/stejariicountryclub.ro\/wp-content\/uploads\/2025\/05\/summer-og.png","width":1500,"height":817},{"@type":"BreadcrumbList","@id":"https:\/\/stejariicountryclub.ro\/summer-camp-2026\/#breadcrumb","itemListElement":[{"@type":"ListItem","position":1,"name":"Home","item":"https:\/\/stejariicountryclub.ro\/"},{"@type":"ListItem","position":2,"name":"Summer Camp 2026"}]},{"@type":"WebSite","@id":"https:\/\/stejariicountryclub.ro\/ro\/#website","url":"https:\/\/stejariicountryclub.ro\/ro\/","name":"Stejarii Country Club","description":"","potentialAction":[{"@type":"SearchAction","target":{"@type":"EntryPoint","urlTemplate":"https:\/\/stejariicountryclub.ro\/ro\/?s={search_term_string}"},"query-input":{"@type":"PropertyValueSpecification","valueRequired":true,"valueName":"search_term_string"}}],"inLanguage":"ro-RO"}]}},"_links":{"self":[{"href":"https:\/\/stejariicountryclub.ro\/ro\/wp-json\/wp\/v2\/pages\/25915","targetHints":{"allow":["GET"]}}],"collection":[{"href":"https:\/\/stejariicountryclub.ro\/ro\/wp-json\/wp\/v2\/pages"}],"about":[{"href":"https:\/\/stejariicountryclub.ro\/ro\/wp-json\/wp\/v2\/types\/page"}],"author":[{"embeddable":true,"href":"https:\/\/stejariicountryclub.ro\/ro\/wp-json\/wp\/v2\/users\/29"}],"replies":[{"embeddable":true,"href":"https:\/\/stejariicountryclub.ro\/ro\/wp-json\/wp\/v2\/comments?post=25915"}],"version-history":[{"count":2,"href":"https:\/\/stejariicountryclub.ro\/ro\/wp-json\/wp\/v2\/pages\/25915\/revisions"}],"predecessor-version":[{"id":28232,"href":"https:\/\/stejariicountryclub.ro\/ro\/wp-json\/wp\/v2\/pages\/25915\/revisions\/28232"}],"wp:featuredmedia":[{"embeddable":true,"href":"https:\/\/stejariicountryclub.ro\/ro\/wp-json\/wp\/v2\/media\/26205"}],"wp:attachment":[{"href":"https:\/\/stejariicountryclub.ro\/ro\/wp-json\/wp\/v2\/media?parent=25915"}],"curies":[{"name":"wp","href":"https:\/\/api.w.org\/{rel}","templated":true}]}}